{"id":101,"date":"2017-02-06T01:19:02","date_gmt":"2017-02-06T01:19:02","guid":{"rendered":"http:\/\/aguasdelcesar.gov.co\/?page_id=101"},"modified":"2017-03-10T00:15:18","modified_gmt":"2017-03-10T00:15:18","slug":"definicion","status":"publish","type":"page","link":"https:\/\/aguasdelcesar.gov.co\/antiguo\/pda\/definicion\/","title":{"rendered":"Definici\u00f3n"},"content":{"rendered":"<p>[et_pb_section admin_label=\u00bbSecci\u00f3n\u00bb transparent_background=\u00bboff\u00bb allow_player_pause=\u00bboff\u00bb inner_shadow=\u00bboff\u00bb parallax=\u00bboff\u00bb parallax_method=\u00bbon\u00bb custom_padding=\u00bb0px|0px|35px|0px\u00bb make_fullwidth=\u00bboff\u00bb use_custom_width=\u00bboff\u00bb width_unit=\u00bboff\u00bb custom_width_px=\u00bb1080px\u00bb custom_width_percent=\u00bb80%\u00bb make_equal=\u00bboff\u00bb use_custom_gutter=\u00bboff\u00bb fullwidth=\u00bbon\u00bb specialty=\u00bboff\u00bb disabled=\u00bboff\u00bb][et_pb_fullwidth_header admin_label=\u00bbT\u00edtulo de anchura completa\u00bb title=\u00bbDefinici\u00f3n\u00bb background_layout=\u00bbdark\u00bb text_orientation=\u00bbleft\u00bb header_fullscreen=\u00bboff\u00bb header_scroll_down=\u00bboff\u00bb scroll_down_icon=\u00bb;\u00bb background_url=\u00bbhttp:\/\/aguasdelcesar.gov.co\/wp-content\/uploads\/2017\/02\/fondo-titulos-azul.png\u00bb background_color=\u00bb#0842a5&#8243; parallax=\u00bboff\u00bb parallax_method=\u00bbon\u00bb content_orientation=\u00bbcenter\u00bb image_orientation=\u00bbcenter\u00bb title_font_size=\u00bb30px\u00bb content_font_size=\u00bb14px\u00bb custom_button_one=\u00bboff\u00bb button_one_text_size=\u00bb20&#8243; button_one_letter_spacing=\u00bb0&#8243; button_one_use_icon=\u00bbdefault\u00bb button_one_icon_placement=\u00bbright\u00bb button_one_on_hover=\u00bbon\u00bb button_one_letter_spacing_hover=\u00bb0&#8243; custom_button_two=\u00bboff\u00bb button_two_text_size=\u00bb20&#8243; button_two_letter_spacing=\u00bb0&#8243; button_two_use_icon=\u00bbdefault\u00bb button_two_icon_placement=\u00bbright\u00bb button_two_on_hover=\u00bbon\u00bb button_two_letter_spacing_hover=\u00bb0&#8243; disabled=\u00bboff\u00bb] [\/et_pb_fullwidth_header][\/et_pb_section][et_pb_section admin_label=\u00bbSecci\u00f3n\u00bb transparent_background=\u00bboff\u00bb allow_player_pause=\u00bboff\u00bb inner_shadow=\u00bboff\u00bb parallax=\u00bboff\u00bb parallax_method=\u00bbon\u00bb make_fullwidth=\u00bboff\u00bb use_custom_width=\u00bboff\u00bb width_unit=\u00bboff\u00bb custom_width_px=\u00bb1080px\u00bb custom_width_percent=\u00bb80%\u00bb make_equal=\u00bboff\u00bb use_custom_gutter=\u00bboff\u00bb fullwidth=\u00bboff\u00bb specialty=\u00bboff\u00bb disabled=\u00bboff\u00bb][et_pb_row admin_label=\u00bbFila\u00bb make_fullwidth=\u00bboff\u00bb use_custom_width=\u00bboff\u00bb width_unit=\u00bboff\u00bb custom_width_px=\u00bb1080px\u00bb custom_width_percent=\u00bb80%\u00bb use_custom_gutter=\u00bboff\u00bb gutter_width=\u00bb3&#8243; allow_player_pause=\u00bboff\u00bb parallax=\u00bboff\u00bb parallax_method=\u00bbon\u00bb make_equal=\u00bboff\u00bb parallax_1=\u00bboff\u00bb parallax_method_1=\u00bbon\u00bb parallax_2=\u00bboff\u00bb parallax_method_2=\u00bbon\u00bb parallax_3=\u00bboff\u00bb parallax_method_3=\u00bbon\u00bb parallax_4=\u00bboff\u00bb parallax_method_4=\u00bbon\u00bb disabled=\u00bboff\u00bb][et_pb_column type=\u00bb2_3&#8243;][et_pb_text admin_label=\u00bbTexto\u00bb background_layout=\u00bblight\u00bb text_orientation=\u00bbleft\u00bb use_border_color=\u00bboff\u00bb border_style=\u00bbsolid\u00bb disabled=\u00bboff\u00bb border_color=\u00bb#ffffff\u00bb]<\/p>\n<h2 class=\"art-postheader\">\u00bfQue es el PDA?<\/h2>\n<p><strong>EL PLAN DEPARTAMENTAL <\/strong><strong>DE AGUA Y <\/strong><strong>SANEAMIENTO B\u00c1SICO\u00a0<\/strong><\/p>\n<p style=\"text-align: justify;\">Es un conjunto de estrategias de planeaci\u00f3n y coordinaci\u00f3n interinstitucional, formuladas y ejecutadas con el objeto de lograr la armonizaci\u00f3n integral de los recursos, y la implementaci\u00f3n de esquemas eficientes y sostenibles en la prestaci\u00f3n de los servicios p\u00fablicos domiciliarios de agua potable y saneamiento b\u00e1sico.<\/p>\n<p style=\"text-align: justify;\">El PDA tiene como prop\u00f3sito apoyar a los municipios en la tarea de asegurar la prestaci\u00f3n de los servicios p\u00fablicos domiciliarios de acueducto, alcantarillado y aseo. Adem\u00e1s, pretende ser un soporte para que los municipios puedan cumplir las obligaciones sectoriales impuestas por la Constituci\u00f3n Pol\u00edtica y las leyes 99, 136, 412, 689, 715, 1151, 1176 y el Decreto Legislativo 028 de 2008, el Decreto 3200 de 2008 y sus modificaciones por medio del cual se dictan normas sobre el PDA .<\/p>\n<p style=\"text-align: justify;\">De igual manera, el PDA pretende lograr la modernizaci\u00f3n empresarial del sector con un proceso de planeaci\u00f3n eficiente y responsable a trav\u00e9s del fortalecimiento institucional de las entidades territoriales y la planeaci\u00f3n y ejecuci\u00f3n de planes de obras e inversiones, adem\u00e1s mejorar la infra-estructura y gesti\u00f3n para la prestaci\u00f3n de los servicios de acueducto, alcantarillado y aseo en los Departamentos y Municipios que lo adopten.<\/p>\n<p>[\/et_pb_text][\/et_pb_column][et_pb_column type=\u00bb1_3&#8243;][et_pb_image admin_label=\u00bbTransparencia\u00bb src=\u00bbhttp:\/\/aguasdelcesar.gov.co\/wp-content\/uploads\/2017\/02\/transparencia.png\u00bb show_in_lightbox=\u00bboff\u00bb url=\u00bbhttp:\/\/aguasdelcesar.gov.co\/transparencia-y-acceso-a-la-informacion-publica\/\u00bb url_new_window=\u00bbon\u00bb use_overlay=\u00bbon\u00bb overlay_icon_color=\u00bb#0c71c3&#8243; hover_icon=\u00bb%%136%%\u00bb sticky=\u00bboff\u00bb align=\u00bbleft\u00bb force_fullwidth=\u00bboff\u00bb always_center_on_mobile=\u00bbon\u00bb use_border_color=\u00bboff\u00bb border_color=\u00bb#ffffff\u00bb border_width=\u00bb1px\u00bb border_style=\u00bbsolid\u00bb disabled=\u00bboff\u00bb] [\/et_pb_image][et_pb_code admin_label=\u00bbTwitter\u00bb disabled=\u00bboff\u00bb]&lt;a class=\u00bbtwitter-timeline\u00bb data-width=\u00bb600&#8243; data-height=\u00bb800&#8243; data-dnt=\u00bbtrue\u00bb href=\u00bbhttps:\/\/twitter.com\/PrensaAguasdelC\u00bb&gt;Tweets by PrensaAguasdelC&lt;\/a&gt; &lt;script async src=\u00bb\/\/platform.twitter.com\/widgets.js\u00bb charset=\u00bbutf-8&#8243;&gt;&lt;\/script&gt;[\/et_pb_code][\/et_pb_column][\/et_pb_row][\/et_pb_section]<\/p>\n","protected":false},"excerpt":{"rendered":"<p>[et_pb_section admin_label=\u00bbSecci\u00f3n\u00bb transparent_background=\u00bboff\u00bb allow_player_pause=\u00bboff\u00bb inner_shadow=\u00bboff\u00bb parallax=\u00bboff\u00bb parallax_method=\u00bbon\u00bb custom_padding=\u00bb0px|0px|35px|0px\u00bb make_fullwidth=\u00bboff\u00bb use_custom_width=\u00bboff\u00bb width_unit=\u00bboff\u00bb custom_width_px=\u00bb1080px\u00bb custom_width_percent=\u00bb80%\u00bb make_equal=\u00bboff\u00bb use_custom_gutter=\u00bboff\u00bb fullwidth=\u00bbon\u00bb specialty=\u00bboff\u00bb disabled=\u00bboff\u00bb][et_pb_fullwidth_header admin_label=\u00bbT\u00edtulo de anchura completa\u00bb title=\u00bbDefinici\u00f3n\u00bb background_layout=\u00bbdark\u00bb text_orientation=\u00bbleft\u00bb header_fullscreen=\u00bboff\u00bb header_scroll_down=\u00bboff\u00bb scroll_down_icon=\u00bb;\u00bb background_url=\u00bbhttp:\/\/aguasdelcesar.gov.co\/wp-content\/uploads\/2017\/02\/fondo-titulos-azul.png\u00bb background_color=\u00bb#0842a5&#8243; parallax=\u00bboff\u00bb parallax_method=\u00bbon\u00bb content_orientation=\u00bbcenter\u00bb image_orientation=\u00bbcenter\u00bb title_font_size=\u00bb30px\u00bb content_font_size=\u00bb14px\u00bb custom_button_one=\u00bboff\u00bb button_one_text_size=\u00bb20&#8243; button_one_letter_spacing=\u00bb0&#8243; button_one_use_icon=\u00bbdefault\u00bb button_one_icon_placement=\u00bbright\u00bb button_one_on_hover=\u00bbon\u00bb button_one_letter_spacing_hover=\u00bb0&#8243; custom_button_two=\u00bboff\u00bb button_two_text_size=\u00bb20&#8243; button_two_letter_spacing=\u00bb0&#8243; button_two_use_icon=\u00bbdefault\u00bb button_two_icon_placement=\u00bbright\u00bb button_two_on_hover=\u00bbon\u00bb button_two_letter_spacing_hover=\u00bb0&#8243; disabled=\u00bboff\u00bb] [\/et_pb_fullwidth_header][\/et_pb_section][et_pb_section admin_label=\u00bbSecci\u00f3n\u00bb transparent_background=\u00bboff\u00bb allow_player_pause=\u00bboff\u00bb [&hellip;]<\/p>\n","protected":false},"author":1,"featured_media":0,"parent":99,"menu_order":0,"comment_status":"closed","ping_status":"closed","template":"","meta":{"_et_pb_use_builder":"on","_et_pb_old_content":"","_et_gb_content_width":""},"_links":{"self":[{"href":"https:\/\/aguasdelcesar.gov.co\/antiguo\/wp-json\/wp\/v2\/pages\/101"}],"collection":[{"href":"https:\/\/aguasdelcesar.gov.co\/antiguo\/wp-json\/wp\/v2\/pages"}],"about":[{"href":"https:\/\/aguasdelcesar.gov.co\/antiguo\/wp-json\/wp\/v2\/types\/page"}],"author":[{"embeddable":true,"href":"https:\/\/aguasdelcesar.gov.co\/antiguo\/wp-json\/wp\/v2\/users\/1"}],"replies":[{"embeddable":true,"href":"https:\/\/aguasdelcesar.gov.co\/antiguo\/wp-json\/wp\/v2\/comments?post=101"}],"version-history":[{"count":4,"href":"https:\/\/aguasdelcesar.gov.co\/antiguo\/wp-json\/wp\/v2\/pages\/101\/revisions"}],"predecessor-version":[{"id":1135,"href":"https:\/\/aguasdelcesar.gov.co\/antiguo\/wp-json\/wp\/v2\/pages\/101\/revisions\/1135"}],"up":[{"embeddable":true,"href":"https:\/\/aguasdelcesar.gov.co\/antiguo\/wp-json\/wp\/v2\/pages\/99"}],"wp:attachment":[{"href":"https:\/\/aguasdelcesar.gov.co\/antiguo\/wp-json\/wp\/v2\/media?parent=101"}],"curies":[{"name":"wp","href":"https:\/\/api.w.org\/{rel}","templated":true}]}}