{"id":119,"date":"2017-02-06T01:21:27","date_gmt":"2017-02-06T01:21:27","guid":{"rendered":"http:\/\/aguasdelcesar.gov.co\/?page_id=119"},"modified":"2020-02-19T21:58:23","modified_gmt":"2020-02-19T21:58:23","slug":"licitaciones-publicas","status":"publish","type":"page","link":"https:\/\/aguasdelcesar.gov.co\/antiguo\/contratacion\/licitaciones-publicas\/","title":{"rendered":"Licitaciones P\u00fablicas"},"content":{"rendered":"<p>[et_pb_section transparent_background=\u00bboff\u00bb allow_player_pause=\u00bboff\u00bb inner_shadow=\u00bboff\u00bb parallax=\u00bboff\u00bb parallax_method=\u00bbon\u00bb custom_padding=\u00bb0px|0px|35px|0px\u00bb make_fullwidth=\u00bboff\u00bb use_custom_width=\u00bboff\u00bb width_unit=\u00bboff\u00bb custom_width_px=\u00bb1080px\u00bb custom_width_percent=\u00bb80%\u00bb make_equal=\u00bboff\u00bb use_custom_gutter=\u00bboff\u00bb fullwidth=\u00bbon\u00bb specialty=\u00bboff\u00bb admin_label=\u00bbSecci\u00f3n\u00bb disabled=\u00bboff\u00bb][et_pb_fullwidth_header title=\u00bbLicitaciones P\u00fablicas\u00bb background_layout=\u00bbdark\u00bb text_orientation=\u00bbleft\u00bb header_fullscreen=\u00bboff\u00bb header_scroll_down=\u00bboff\u00bb scroll_down_icon=\u00bb;\u00bb background_url=\u00bbhttp:\/\/aguasdelcesar.gov.co\/wp-content\/uploads\/2017\/02\/fondo-titulos-azul.png\u00bb background_color=\u00bb#0842a5&#8243; parallax=\u00bboff\u00bb parallax_method=\u00bbon\u00bb content_orientation=\u00bbcenter\u00bb image_orientation=\u00bbcenter\u00bb admin_label=\u00bbT\u00edtulo de anchura completa\u00bb title_font_size=\u00bb30px\u00bb content_font_size=\u00bb14px\u00bb custom_button_one=\u00bboff\u00bb button_one_text_size=\u00bb20&#8243; button_one_letter_spacing=\u00bb0&#8243; button_one_use_icon=\u00bbdefault\u00bb button_one_icon_placement=\u00bbright\u00bb button_one_on_hover=\u00bbon\u00bb button_one_letter_spacing_hover=\u00bb0&#8243; custom_button_two=\u00bboff\u00bb button_two_text_size=\u00bb20&#8243; button_two_letter_spacing=\u00bb0&#8243; button_two_use_icon=\u00bbdefault\u00bb button_two_icon_placement=\u00bbright\u00bb button_two_on_hover=\u00bbon\u00bb button_two_letter_spacing_hover=\u00bb0&#8243; disabled=\u00bboff\u00bb] [\/et_pb_fullwidth_header][\/et_pb_section][et_pb_section transparent_background=\u00bboff\u00bb allow_player_pause=\u00bboff\u00bb inner_shadow=\u00bboff\u00bb parallax=\u00bboff\u00bb parallax_method=\u00bbon\u00bb make_fullwidth=\u00bboff\u00bb use_custom_width=\u00bboff\u00bb width_unit=\u00bboff\u00bb custom_width_px=\u00bb1080px\u00bb custom_width_percent=\u00bb80%\u00bb make_equal=\u00bboff\u00bb use_custom_gutter=\u00bboff\u00bb fullwidth=\u00bboff\u00bb specialty=\u00bboff\u00bb admin_label=\u00bbSecci\u00f3n\u00bb disabled=\u00bboff\u00bb][et_pb_row make_fullwidth=\u00bboff\u00bb use_custom_width=\u00bboff\u00bb width_unit=\u00bboff\u00bb custom_width_px=\u00bb1080px\u00bb custom_width_percent=\u00bb80%\u00bb use_custom_gutter=\u00bboff\u00bb gutter_width=\u00bb3&#8243; allow_player_pause=\u00bboff\u00bb parallax=\u00bboff\u00bb parallax_method=\u00bbon\u00bb make_equal=\u00bboff\u00bb parallax_1=\u00bboff\u00bb parallax_method_1=\u00bbon\u00bb parallax_2=\u00bboff\u00bb parallax_method_2=\u00bbon\u00bb parallax_3=\u00bboff\u00bb parallax_method_3=\u00bbon\u00bb parallax_4=\u00bboff\u00bb parallax_method_4=\u00bbon\u00bb admin_label=\u00bbFila\u00bb disabled=\u00bboff\u00bb][et_pb_column type=\u00bb2_3&#8243; disabled=\u00bboff\u00bb parallax=\u00bboff\u00bb parallax_method=\u00bbon\u00bb][et_pb_text background_layout=\u00bblight\u00bb text_orientation=\u00bbleft\u00bb admin_label=\u00bbTexto\u00bb use_border_color=\u00bboff\u00bb border_style=\u00bbsolid\u00bb disabled=\u00bboff\u00bb][\/et_pb_text][et_pb_accordion use_border_color=\u00bboff\u00bb border_color=\u00bb#ffffff\u00bb border_width=\u00bb1px\u00bb border_style=\u00bbsolid\u00bb disabled=\u00bboff\u00bb][et_pb_accordion_item title=\u00bb2019&#8243; open=\u00bbon\u00bb use_border_color=\u00bboff\u00bb border_color=\u00bb#ffffff\u00bb border_width=\u00bb1px\u00bb border_style=\u00bbsolid\u00bb disabled=\u00bboff\u00bb]<\/p>\n<ul>\n<li><a href=\"https:\/\/www.contratos.gov.co\/consultas\/detalleProceso.do?numConstancia=19-1-202860\" target=\"_blank\" rel=\"noopener noreferrer\">Licitaci&oacute;n P&uacute;blica N&ordm;. 001 de 2019, cuyo objeto ser&aacute; la <em><strong>&ldquo;<span>CONSTRUCCI&Oacute;N DE UN POZO PROFUNDO, L&Iacute;NEA DE IMPULSI&Oacute;N Y ADECUACI&Oacute;N DEL TANQUE DE ALMACENAMIENTO EXISTENTE DEL SISTEMA DE ACUEDUCTO EN EL CASCO URBANO DE GAMARRA DEPARTAMENTO DEL CESAR.<\/span>&rdquo;<\/strong>.<\/em><\/a><\/li>\n<li><a href=\"https:\/\/www.contratos.gov.co\/consultas\/detalleProceso.do?numConstancia=19-1-206909\" target=\"_blank\" rel=\"noopener noreferrer\">Licitaci&oacute;n P&uacute;blica N&ordm;. 003 de 2019, cuyo objeto ser&aacute; la <em><strong>&ldquo;<span>AMPLIACI&Oacute;N Y OPTIMIZACI&Oacute;N DE LAS REDES DE DISTRIBUCI&Oacute;N DEL SISTEMA DE ACUEDUCTO URBANO (FASE 2) EN EL MUNICIPIO DE AGUACHICA DEPARTAMENTO DEL CESAR.<\/span>&rdquo;<\/strong>.<\/em><\/a><\/li>\n<\/ul>\n<p>[\/et_pb_accordion_item][et_pb_accordion_item title=\u00bb2018&#8243; open=\u00bboff\u00bb use_border_color=\u00bboff\u00bb border_color=\u00bb#ffffff\u00bb border_width=\u00bb1px\u00bb border_style=\u00bbsolid\u00bb disabled=\u00bboff\u00bb]<\/p>\n<ul>\n<li><a href=\"https:\/\/www.contratos.gov.co\/consultas\/detalleProceso.do?numConstancia=18-1-188984\" target=\"_blank\" rel=\"noopener noreferrer\">Licitaci\u00f3n P\u00fablica N\u00ba. 001 de 2018, cuyo objeto ser\u00e1 la <em><strong>\u201cCONSTRUCCI\u00d3N DE UN POZO PROFUNDO Y L\u00cdNEA DE IMPULSI\u00d3N PARA EL SISTEMA DE ACUEDUCTO DE LA CABECERA MUNICIPAL DE R\u00cdO DE ORO EN EL DEPARTAMENTO DEL CESAR\u201d<\/strong>.<\/em><\/a><\/li>\n<li><a href=\"https:\/\/www.contratos.gov.co\/consultas\/detalleProceso.do?numConstancia=18-1-192378\" target=\"_blank\" rel=\"noopener noreferrer\">Licitaci\u00f3n P\u00fablica N\u00ba. 002 de 2018, cuyo objeto ser\u00e1 la <em><strong>\u201cCONSTRUCCI\u00d3N DE LA PLANTA DE TRATAMIENTO DE AGUA POTABLE, TANQUE DE ALMACENAMIENTO Y MACROMEDICI\u00d3N DEL SISTEMA DE ACUEDUCTO DE LA CABECERA URBANA DEL MUNICIPIO DE GONZ\u00c1LEZ DEPARTAMENTO DEL CESAR.\u201d<\/strong>.<\/em><\/a><\/li>\n<li><a href=\"https:\/\/www.contratos.gov.co\/consultas\/detalleProceso.do?numConstancia=18-1-194758\" target=\"_blank\" rel=\"noopener noreferrer\">Licitaci\u00f3n P\u00fablica N\u00ba. 003 de 2018, cuyo objeto ser\u00e1 la<strong> \u201c<em>AMPLIACI\u00d3N Y OPTIMIZACI\u00d3N DE LAS REDES DE DISTRIBUCI\u00d3N DEL SISTEMA DE ACUEDUCTO URBANO (FASE I) EN EL MUNICIPIO DE AGUACHICA DEPARTAMENTO DEL CESAR.<\/em>\u201d<\/strong>.<\/a><\/li>\n<li><a href=\"https:\/\/www.contratos.gov.co\/consultas\/detalleProceso.do?numConstancia=18-1-194983\" target=\"_blank\" rel=\"noopener noreferrer\">Licitaci\u00f3n P\u00fablica N\u00ba. 004 de 2018, cuyo objeto ser\u00e1 la <strong><em>\u201cOPTIMIZACI\u00d3N DE LA L\u00cdNEA DE ADUCCI\u00d3N DEL ACUEDUCTO DE LA CABECERA MUNICIPAL DE PELAYA CESAR.\u201d<\/em><\/strong>.<\/a><\/li>\n<li><a href=\"https:\/\/www.contratos.gov.co\/consultas\/detalleProceso.do?numConstancia=18-1-197393\" target=\"_blank\" rel=\"noopener noreferrer\">Licitaci\u00f3n P\u00fablica N\u00ba. 005 de 2018, cuyo objeto ser\u00e1 la <strong><em>\u201cIMPLEMENTACI\u00d3N DE ESTRATEGIAS PARA LA GESTI\u00d3N DEL RIESGO Y ADAPTACI\u00d3N AL CAMBIO CLIM\u00c1TICO EN LA ZONA RURAL DE DIFERENTES MUNICIPIOS DEL DEPARTAMENTO DEL CESAR A TRAV\u00c9S DE LA OPTIMIZACI\u00d3N DEL SISTEMA DE ACUEDUCTO EN EL CORREGIMIENTO DE EL CARMEN MUNICIPIO DE EL PASO.<\/em><\/strong><strong><em>\u201d<\/em><\/strong>.<\/a><\/li>\n<li><a href=\"https:\/\/www.contratos.gov.co\/consultas\/detalleProceso.do?numConstancia=18-1-197398\" target=\"_blank\" rel=\"noopener noreferrer\">Licitaci\u00f3n P\u00fablica N\u00ba. 006 de 2018, cuyo objeto ser\u00e1 la <strong><em>\u201cIMPLEMENTACI\u00d3N DE ESTRATEGIAS PARA LA GESTI\u00d3N DEL RIESGO Y ADAPTACI\u00d3N AL CAMBIO CLIM\u00c1TICO EN LA ZONA RURAL DE DIFERENTES MUNICIPIOS DEL DEPARTAMENTO DEL CESAR, A TRAV\u00c9S DE LA OPTIMIZACI\u00d3N DEL SISTEMA DE ACUEDUCTO DEL CORREGIMIENTO DE PUERTO BOCA Y LAS VEREDAS CAMPO ALEGRE, 12 DE OCTUBRE Y EL JOBO DEL MUNICIPIO DE TAMALAMEQUE.\u201d<\/em><\/strong>.<\/a><\/li>\n<li><a href=\"https:\/\/www.contratos.gov.co\/consultas\/detalleProceso.do?numConstancia=18-1-197400\" target=\"_blank\" rel=\"noopener noreferrer\">Licitaci\u00f3n P\u00fablica N\u00ba. 007 de 2018, cuyo objeto ser\u00e1 la <em><strong>\u201c<\/strong><strong>IMPLEMENTACI\u00d3N DE ESTRATEGIAS PARA LA GESTI\u00d3N DEL RIESGO Y ADAPTACI\u00d3N AL CAMBIO CLIM\u00c1TICO EN LA ZONA RURAL DE DIFERENTES MUNICIPIOS DEL DEPARTAMENTO DEL CESAR A TRAV\u00c9S DE LA OPTIMIZACI\u00d3N DEL SISTEMA DE ACUEDUCTO Y ALCANTARILLADO SANITARIO EN EL CORREGIMIENTO DE VARAS BLANCAS MUNICIPIO DE LA PAZ.<\/strong><strong><\/strong><\/em><em><strong>\u201d<\/strong><\/em>.<\/a><\/li>\n<li><a href=\"https:\/\/www.contratos.gov.co\/consultas\/detalleProceso.do?numConstancia=18-1-197402\" target=\"_blank\" rel=\"noopener noreferrer\">Licitaci\u00f3n P\u00fablica N\u00ba. 008 de 2018, cuyo objeto ser\u00e1 la <strong><em>\u201cIMPLEMENTACI\u00d3N DE ESTRATEGIAS PARA LA GESTI\u00d3N DEL RIESGO Y ADAPTACI\u00d3N AL CAMBIO CLIM\u00c1TICO\u00a0 EN LA ZONA RURAL DE DIFERENTES MUNICIPIOS DEL DEPARTAMENTO DEL CESAR A TRAV\u00c9S DE LA OPTIMIZACI\u00d3N DEL SISTEMA DE ACUEDUCTO Y ALCANTARILLADO SANITARIO EN EL CORREGIMIENTO DE LOS TUPES MUNICIPIO DE SAN DIEGO.\u201d.<\/em><\/strong><\/a><\/li>\n<\/ul>\n<p>[\/et_pb_accordion_item][et_pb_accordion_item title=\u00bb2017&#8243; open=\u00bboff\u00bb use_border_color=\u00bboff\u00bb border_color=\u00bb#ffffff\u00bb border_width=\u00bb1px\u00bb border_style=\u00bbsolid\u00bb disabled=\u00bboff\u00bb]<\/p>\n<ul>\n<li><a href=\"https:\/\/www.contratos.gov.co\/consultas\/detalleProceso.do?numConstancia=17-1-171588\" target=\"_blank\" rel=\"noopener noreferrer\">Licitaci\u00f3n P\u00fablica N\u00ba. 001 de 2017, cuyo objeto ser\u00e1 la <em>\u201cCONSTRUCCI\u00d3N DE LA PLANTA DE TRATAMIENTO DE LAS AGUAS RESIDUALES DE LA URBANIZACI\u00d3N DIVINO NI\u00d1O DEL MUNICIPIO DE GAMARRA, DEPARTAMENTO DEL CESAR\u201d.<\/em><\/a><\/li>\n<li><a href=\"https:\/\/www.contratos.gov.co\/consultas\/detalleProceso.do?numConstancia=17-1-171648\" target=\"_blank\" rel=\"noopener noreferrer\">Licitaci\u00f3n P\u00fablica N\u00ba. 002 de 2017 cuyo objeto ser\u00e1 la <em>\u201cOPTIMIZACI\u00d3N Y\/O CONSTRUCCI\u00d3N DE LOS SISTEMAS DE ACUEDUCTO, ALCANTARILLADO SANITARIO Y SISTEMAS DE TRATAMIENTO DE AGUAS RESIDUALES PARA EL CORREGIMIENTO DE COSTILLA\u00a0 MUNICIPIO DE PELAYA,\u00a0 DEPARTAMENTO DEL CESAR\u201d.<\/em><\/a><\/li>\n<li><a href=\"https:\/\/www.contratos.gov.co\/consultas\/detalleProceso.do?numConstancia=17-1-171658\" target=\"_blank\" rel=\"noopener noreferrer\">Licitaci\u00f3n P\u00fablica N\u00ba. 003 de 2017 cuyo objeto ser\u00e1 la <em>\u201cCONSTRUCCI\u00d3N Y OPTIMIZACI\u00d3N DEL SISTEMA DE ACUEDUCTO DEL CORREGIMIENTO DE SOLEDAD MUNICIPIO DE CHIMICHAGUA, DEPARTAMENTO DEL CESAR\u201d<\/em><\/a><em>.<\/em><\/li>\n<li><a href=\"https:\/\/www.contratos.gov.co\/consultas\/detalleProceso.do?numConstancia=17-1-171671\" target=\"_blank\" rel=\"noopener noreferrer\">Licitaci\u00f3n P\u00fablica N\u00ba. 004 de 2017 cuyo objeto ser\u00e1 la <em>\u201cCONSTRUCCI\u00d3N Y OPTIMIZACI\u00d3N DEL SISTEMA DE ALCANTARILLADO SANITARIO DEL MUNICIPIO DE SAN ALBERTO, DEPARTAMENTO DEL CESAR\u201d.<\/em><\/a><\/li>\n<li><a href=\"https:\/\/www.contratos.gov.co\/consultas\/detalleProceso.do?numConstancia=17-1-171718\" target=\"_blank\" rel=\"noopener noreferrer\">Licitaci\u00f3n P\u00fablica N\u00ba. 005 de 2017 cuyo objeto ser\u00e1 la <em>\u201cOPTIMIZACI\u00d3N DEL SISTEMA DE ACUEDUCTO DEL CORREGIMIENTO DE SANTA ISABEL MUNICIPIO DE CURUMAN\u00cd, DEPARTAMENTO DEL CESAR\u201d.<\/em><\/a><\/li>\n<li><a href=\"https:\/\/www.contratos.gov.co\/consultas\/detalleProceso.do?numConstancia=17-1-176515\" target=\"_blank\" rel=\"noopener noreferrer\">Licitaci\u00f3n P\u00fablica N\u00ba. 006 de 2017 cuyo objeto ser\u00e1 la <em>\u201c<span lang=\"ES-CO\">CONSTRUCCI\u00d2N TANQUE DE ALMACENAMIENTO ELEVADO DE 40 M3 Y EMPALME POZO PROFUNDO-TANQUE DE DISTRIBUCI\u00d2N Y CON LA RED PARA EL SISTEMA DE ACUEDUCTO DEL BARRIO 19 DE MAYO DE LA CABECERA URBANA MUNICIPAL DE LA PAZ-CESAR<\/span>.\u201d.<\/em><\/a><\/li>\n<li><a href=\"https:\/\/www.contratos.gov.co\/consultas\/detalleProceso.do?numConstancia=17-1-179939\" target=\"_blank\" rel=\"noopener noreferrer\">Licitaci\u00f3n P\u00fablica N\u00ba. 007 de 2017 cuyo objeto ser\u00e1 el\u00a0<em>\u201cSUMINISTRO E INSTALACI\u00d3N DE MICROMEDIDORES EN EL CASCO URBANO DEL MUNICIPIO DE LA JAGUA DE IBIRICO-CESAR.\u201d.<\/em><\/a><\/li>\n<\/ul>\n<p>[\/et_pb_accordion_item][\/et_pb_accordion][\/et_pb_column][et_pb_column type=\u00bb1_3&#8243; disabled=\u00bboff\u00bb parallax=\u00bboff\u00bb parallax_method=\u00bbon\u00bb][et_pb_image src=\u00bbhttp:\/\/aguasdelcesar.gov.co\/wp-content\/uploads\/2017\/02\/transparencia.png\u00bb show_in_lightbox=\u00bboff\u00bb url=\u00bbhttp:\/\/aguasdelcesar.gov.co\/transparencia-y-acceso-a-la-informacion-publica\/\u00bb url_new_window=\u00bbon\u00bb use_overlay=\u00bbon\u00bb overlay_icon_color=\u00bb#0c71c3&#8243; hover_icon=\u00bb%%136%%\u00bb sticky=\u00bboff\u00bb align=\u00bbleft\u00bb force_fullwidth=\u00bboff\u00bb always_center_on_mobile=\u00bbon\u00bb admin_label=\u00bbTransparencia\u00bb use_border_color=\u00bboff\u00bb border_color=\u00bb#ffffff\u00bb border_width=\u00bb1px\u00bb border_style=\u00bbsolid\u00bb disabled=\u00bboff\u00bb]<br \/>\n[\/et_pb_image][et_pb_code admin_label=\u00bbTwitter\u00bb disabled=\u00bboff\u00bb]&lt;a class=&quot;twitter-timeline&quot; data-width=&quot;600&quot; data-height=&quot;800&quot; data-dnt=&quot;true&quot; href=&quot;https:\/\/twitter.com\/PrensaAguasdelC&quot;&gt;Tweets by PrensaAguasdelC&lt;\/a&gt; &lt;script async src=&quot;\/\/platform.twitter.com\/widgets.js&quot; charset=&quot;utf-8&quot;&gt;&lt;\/script&gt;[\/et_pb_code][\/et_pb_column][\/et_pb_row][\/et_pb_section]<\/p>\n","protected":false},"excerpt":{"rendered":"<p>[et_pb_section transparent_background=\u00bboff\u00bb allow_player_pause=\u00bboff\u00bb inner_shadow=\u00bboff\u00bb parallax=\u00bboff\u00bb parallax_method=\u00bbon\u00bb custom_padding=\u00bb0px|0px|35px|0px\u00bb make_fullwidth=\u00bboff\u00bb use_custom_width=\u00bboff\u00bb width_unit=\u00bboff\u00bb custom_width_px=\u00bb1080px\u00bb custom_width_percent=\u00bb80%\u00bb make_equal=\u00bboff\u00bb use_custom_gutter=\u00bboff\u00bb fullwidth=\u00bbon\u00bb specialty=\u00bboff\u00bb admin_label=\u00bbSecci\u00f3n\u00bb disabled=\u00bboff\u00bb][et_pb_fullwidth_header title=\u00bbLicitaciones P\u00fablicas\u00bb background_layout=\u00bbdark\u00bb text_orientation=\u00bbleft\u00bb header_fullscreen=\u00bboff\u00bb header_scroll_down=\u00bboff\u00bb scroll_down_icon=\u00bb;\u00bb background_url=\u00bbhttp:\/\/aguasdelcesar.gov.co\/wp-content\/uploads\/2017\/02\/fondo-titulos-azul.png\u00bb background_color=\u00bb#0842a5&#8243; parallax=\u00bboff\u00bb parallax_method=\u00bbon\u00bb content_orientation=\u00bbcenter\u00bb image_orientation=\u00bbcenter\u00bb admin_label=\u00bbT\u00edtulo de anchura completa\u00bb title_font_size=\u00bb30px\u00bb content_font_size=\u00bb14px\u00bb custom_button_one=\u00bboff\u00bb button_one_text_size=\u00bb20&#8243; button_one_letter_spacing=\u00bb0&#8243; button_one_use_icon=\u00bbdefault\u00bb button_one_icon_placement=\u00bbright\u00bb button_one_on_hover=\u00bbon\u00bb button_one_letter_spacing_hover=\u00bb0&#8243; custom_button_two=\u00bboff\u00bb button_two_text_size=\u00bb20&#8243; button_two_letter_spacing=\u00bb0&#8243; button_two_use_icon=\u00bbdefault\u00bb button_two_icon_placement=\u00bbright\u00bb button_two_on_hover=\u00bbon\u00bb button_two_letter_spacing_hover=\u00bb0&#8243; disabled=\u00bboff\u00bb] [\/et_pb_fullwidth_header][\/et_pb_section][et_pb_section transparent_background=\u00bboff\u00bb allow_player_pause=\u00bboff\u00bb [&hellip;]<\/p>\n","protected":false},"author":1,"featured_media":0,"parent":115,"menu_order":0,"comment_status":"closed","ping_status":"closed","template":"","meta":{"_et_pb_use_builder":"on","_et_pb_old_content":"","_et_gb_content_width":""},"_links":{"self":[{"href":"https:\/\/aguasdelcesar.gov.co\/antiguo\/wp-json\/wp\/v2\/pages\/119"}],"collection":[{"href":"https:\/\/aguasdelcesar.gov.co\/antiguo\/wp-json\/wp\/v2\/pages"}],"about":[{"href":"https:\/\/aguasdelcesar.gov.co\/antiguo\/wp-json\/wp\/v2\/types\/page"}],"author":[{"embeddable":true,"href":"https:\/\/aguasdelcesar.gov.co\/antiguo\/wp-json\/wp\/v2\/users\/1"}],"replies":[{"embeddable":true,"href":"https:\/\/aguasdelcesar.gov.co\/antiguo\/wp-json\/wp\/v2\/comments?post=119"}],"version-history":[{"count":13,"href":"https:\/\/aguasdelcesar.gov.co\/antiguo\/wp-json\/wp\/v2\/pages\/119\/revisions"}],"predecessor-version":[{"id":2408,"href":"https:\/\/aguasdelcesar.gov.co\/antiguo\/wp-json\/wp\/v2\/pages\/119\/revisions\/2408"}],"up":[{"embeddable":true,"href":"https:\/\/aguasdelcesar.gov.co\/antiguo\/wp-json\/wp\/v2\/pages\/115"}],"wp:attachment":[{"href":"https:\/\/aguasdelcesar.gov.co\/antiguo\/wp-json\/wp\/v2\/media?parent=119"}],"curies":[{"name":"wp","href":"https:\/\/api.w.org\/{rel}","templated":true}]}}