{"id":93,"date":"2017-02-06T01:16:36","date_gmt":"2017-02-06T01:16:36","guid":{"rendered":"http:\/\/aguasdelcesar.gov.co\/?page_id=93"},"modified":"2019-08-28T14:44:33","modified_gmt":"2019-08-28T14:44:33","slug":"glosario","status":"publish","type":"page","link":"https:\/\/aguasdelcesar.gov.co\/antiguo\/nuestra-empresa\/informacion-general\/glosario\/","title":{"rendered":"Glosario"},"content":{"rendered":"<p>[et_pb_section transparent_background=\u00bboff\u00bb allow_player_pause=\u00bboff\u00bb inner_shadow=\u00bboff\u00bb parallax=\u00bboff\u00bb parallax_method=\u00bbon\u00bb make_fullwidth=\u00bboff\u00bb use_custom_width=\u00bboff\u00bb width_unit=\u00bboff\u00bb custom_width_px=\u00bb1080px\u00bb custom_width_percent=\u00bb80%\u00bb make_equal=\u00bboff\u00bb use_custom_gutter=\u00bboff\u00bb fullwidth=\u00bbon\u00bb specialty=\u00bboff\u00bb admin_label=\u00bbSecci\u00f3n\u00bb disabled=\u00bboff\u00bb][et_pb_fullwidth_header title=\u00bbGlosario\u00bb background_layout=\u00bbdark\u00bb text_orientation=\u00bbleft\u00bb header_fullscreen=\u00bboff\u00bb header_scroll_down=\u00bboff\u00bb scroll_down_icon=\u00bb;\u00bb background_url=\u00bbhttp:\/\/aguasdelcesar.gov.co\/wp-content\/uploads\/2017\/02\/fondo-titulos-azul.png\u00bb background_color=\u00bb#0842a5&#8243; parallax=\u00bboff\u00bb parallax_method=\u00bbon\u00bb content_orientation=\u00bbcenter\u00bb image_orientation=\u00bbcenter\u00bb admin_label=\u00bbGlosario\u00bb title_font_size=\u00bb30px\u00bb content_font_size=\u00bb14px\u00bb custom_button_one=\u00bboff\u00bb button_one_text_size=\u00bb20&#8243; button_one_letter_spacing=\u00bb0&#8243; button_one_use_icon=\u00bbdefault\u00bb button_one_icon_placement=\u00bbright\u00bb button_one_on_hover=\u00bbon\u00bb button_one_letter_spacing_hover=\u00bb0&#8243; custom_button_two=\u00bboff\u00bb button_two_text_size=\u00bb20&#8243; button_two_letter_spacing=\u00bb0&#8243; button_two_use_icon=\u00bbdefault\u00bb button_two_icon_placement=\u00bbright\u00bb button_two_on_hover=\u00bbon\u00bb button_two_letter_spacing_hover=\u00bb0&#8243; disabled=\u00bboff\u00bb]<\/p>\n<p>[\/et_pb_fullwidth_header][\/et_pb_section][et_pb_section transparent_background=\u00bboff\u00bb allow_player_pause=\u00bboff\u00bb inner_shadow=\u00bboff\u00bb parallax=\u00bboff\u00bb parallax_method=\u00bbon\u00bb make_fullwidth=\u00bboff\u00bb use_custom_width=\u00bboff\u00bb width_unit=\u00bboff\u00bb custom_width_px=\u00bb1080px\u00bb custom_width_percent=\u00bb80%\u00bb make_equal=\u00bboff\u00bb use_custom_gutter=\u00bboff\u00bb fullwidth=\u00bboff\u00bb specialty=\u00bboff\u00bb admin_label=\u00bbSecci\u00f3n\u00bb disabled=\u00bboff\u00bb][et_pb_row make_fullwidth=\u00bboff\u00bb use_custom_width=\u00bboff\u00bb width_unit=\u00bboff\u00bb custom_width_px=\u00bb1080px\u00bb custom_width_percent=\u00bb80%\u00bb use_custom_gutter=\u00bboff\u00bb gutter_width=\u00bb3&#8243; custom_padding=\u00bb27px|0px|27px|0px\u00bb allow_player_pause=\u00bboff\u00bb parallax=\u00bboff\u00bb parallax_method=\u00bbon\u00bb make_equal=\u00bboff\u00bb parallax_1=\u00bboff\u00bb parallax_method_1=\u00bbon\u00bb parallax_2=\u00bboff\u00bb parallax_method_2=\u00bbon\u00bb parallax_3=\u00bboff\u00bb parallax_method_3=\u00bbon\u00bb parallax_4=\u00bboff\u00bb parallax_method_4=\u00bbon\u00bb admin_label=\u00bbFila\u00bb disabled=\u00bboff\u00bb][et_pb_column type=\u00bb2_3&#8243; disabled=\u00bboff\u00bb parallax=\u00bboff\u00bb parallax_method=\u00bbon\u00bb][et_pb_text background_layout=\u00bblight\u00bb text_orientation=\u00bbleft\u00bb admin_label=\u00bbTexto\u00bb use_border_color=\u00bboff\u00bb border_style=\u00bbsolid\u00bb disabled=\u00bboff\u00bb][\/et_pb_text][et_pb_accordion use_border_color=\u00bboff\u00bb border_color=\u00bb#ffffff\u00bb border_width=\u00bb1px\u00bb border_style=\u00bbsolid\u00bb disabled=\u00bboff\u00bb][et_pb_accordion_item title=\u00bb1. Acueducto: \u00bb open=\u00bbon\u00bb use_border_color=\u00bboff\u00bb border_color=\u00bb#ffffff\u00bb border_width=\u00bb1px\u00bb border_style=\u00bbsolid\u00bb disabled=\u00bboff\u00bb]<\/p>\n<p>Es un sistema o conjunto de sistemas de\u00a0<a href=\"https:\/\/es.wikipedia.org\/wiki\/Riego\">irrigaci\u00f3n<\/a>\u00a0que permite transportar\u00a0<a href=\"https:\/\/es.wikipedia.org\/wiki\/Agua\">agua<\/a>\u00a0en forma de flujo continuo desde un lugar en el que est\u00e1 accesible en la naturaleza hasta un punto de consumo distante, generalmente una ciudad o poblado.<\/p>\n<p>[\/et_pb_accordion_item][et_pb_accordion_item title=\u00bb2. Agua potable: \u00bb open=\u00bboff\u00bb use_border_color=\u00bboff\u00bb border_color=\u00bb#ffffff\u00bb border_width=\u00bb1px\u00bb border_style=\u00bbsolid\u00bb disabled=\u00bboff\u00bb]<\/p>\n<p>L\u00edquido vital entregado a una comunidad en \u00f3ptimas condiciones que permiten su consumo sin causar ning\u00fan da\u00f1o a la salud.<\/p>\n<p>[\/et_pb_accordion_item][et_pb_accordion_item title=\u00bb3. Alcantarillado: \u00bb open=\u00bboff\u00bb use_border_color=\u00bboff\u00bb border_color=\u00bb#ffffff\u00bb border_width=\u00bb1px\u00bb border_style=\u00bbsolid\u00bb disabled=\u00bboff\u00bb]<\/p>\n<p>Sistema de\u00a0<a href=\"https:\/\/es.wikipedia.org\/wiki\/Tuber%C3%ADa\">tuber\u00edas<\/a>\u00a0y\u00a0<a href=\"https:\/\/es.wikipedia.org\/wiki\/Construcci%C3%B3n\">construcciones<\/a>\u00a0usado para la recogida y transporte de las\u00a0<a href=\"https:\/\/es.wikipedia.org\/wiki\/Aguas_residuales\">aguas residuales<\/a>,\u00a0<a href=\"https:\/\/es.wikipedia.org\/w\/index.php?title=Aguas_industriales&amp;action=edit&amp;redlink=1\">industriales<\/a>\u00a0y\u00a0<a href=\"https:\/\/es.wikipedia.org\/wiki\/Lluvia\">pluviales<\/a>\u00a0de una poblaci\u00f3n desde el lugar en que se generan hasta el sitio en que se vierten al medio natural o se\u00a0<a href=\"https:\/\/es.wikipedia.org\/wiki\/Tratamiento_de_aguas_residuales\">tratan<\/a>.<\/p>\n<p>[\/et_pb_accordion_item][et_pb_accordion_item title=\u00bb4. Construcci\u00f3n:\u00bb open=\u00bboff\u00bb use_border_color=\u00bboff\u00bb border_color=\u00bb#ffffff\u00bb border_width=\u00bb1px\u00bb border_style=\u00bbsolid\u00bb disabled=\u00bboff\u00bb]<\/p>\n<p>Se hace una construcci\u00f3n de un sistema de agua potable o saneamiento b\u00e1sico cuando no existe en el poblado o ciudad ning\u00fan tipo de trabajo realizado con anterioridad en este sentido.<\/p>\n<p>[\/et_pb_accordion_item][et_pb_accordion_item title=\u00bb5. Esquema regional de aseo: \u00bb open=\u00bboff\u00bb use_border_color=\u00bboff\u00bb border_color=\u00bb#ffffff\u00bb border_width=\u00bb1px\u00bb border_style=\u00bbsolid\u00bb disabled=\u00bboff\u00bb]<\/p>\n<p>Es la herramienta a trav\u00e9s de la cual se garantiza la prestaci\u00f3n del servicio de aseo en 11 municipios y ocho corregimientos del departamento del Cesar, a trav\u00e9s de una empresa operadora.<\/p>\n<p>[\/et_pb_accordion_item][et_pb_accordion_item title=\u00bb6. Optimizaci\u00f3n:\u00bb open=\u00bboff\u00bb use_border_color=\u00bboff\u00bb border_color=\u00bb#ffffff\u00bb border_width=\u00bb1px\u00bb border_style=\u00bbsolid\u00bb disabled=\u00bboff\u00bb]<\/p>\n<p>Se hace una optimizaci\u00f3n de un sistema de agua potable o saneamiento b\u00e1sico cuando un proyecto parte de una base a la cual se le deben hacer mejor\u00edas.<\/p>\n<p>[\/et_pb_accordion_item][et_pb_accordion_item title=\u00bb7. Plan de Aseguramiento de la Prestaci\u00f3n de los Servicios P\u00fablicos:\u00bb open=\u00bboff\u00bb use_border_color=\u00bboff\u00bb border_color=\u00bb#ffffff\u00bb border_width=\u00bb1px\u00bb border_style=\u00bbsolid\u00bb disabled=\u00bboff\u00bb]<\/p>\n<p>Es la herramienta creada en Aguas del Cesar para fortalecer t\u00e9cnica, jur\u00eddica, operativa y financieramente a los operadores de los servicios p\u00fablicos en el departamento del Cesar, de tal modo que \u00e9stos puedan asegurar la prestaci\u00f3n de estos servicios de manera \u00f3ptima.<\/p>\n<p>[\/et_pb_accordion_item][et_pb_accordion_item title=\u00bb8. Plan Departamental de Agua: \u00bb open=\u00bboff\u00bb use_border_color=\u00bboff\u00bb border_color=\u00bb#ffffff\u00bb border_width=\u00bb1px\u00bb border_style=\u00bbsolid\u00bb disabled=\u00bboff\u00bb]<\/p>\n<p>Es el mecanismo creado por el gobierno nacional mediante el cual se armonizan integralmente los recursos destinados a la implementaci\u00f3n de esquemas eficientes y sostenibles en la prestaci\u00f3n de los servicios p\u00fablicos domiciliarios de agua potable y saneamiento b\u00e1sico, teniendo en cuenta las caracter\u00edsticas locales, la capacidad institucional de las entidades territoriales y personas prestadoras de los servicios p\u00fablicos y la implementaci\u00f3n efectiva de esquemas de regionalizaci\u00f3n.<\/p>\n<p>[\/et_pb_accordion_item][et_pb_accordion_item title=\u00bb9. Residuos s\u00f3lidos:\u00bb open=\u00bboff\u00bb use_border_color=\u00bboff\u00bb border_color=\u00bb#ffffff\u00bb border_width=\u00bb1px\u00bb border_style=\u00bbsolid\u00bb disabled=\u00bboff\u00bb]<\/p>\n<p>Es un material que ya ha hecho su trabajo o cumplido su misi\u00f3n, que pueden reutilizarse dependiendo de su clasificaci\u00f3n (org\u00e1nico e inorg\u00e1nico) y su estado de descomposici\u00f3n.<\/p>\n<p>[\/et_pb_accordion_item][et_pb_accordion_item title=\u00bb10. Saneamiento b\u00e1sico: \u00bb open=\u00bboff\u00bb use_border_color=\u00bboff\u00bb border_color=\u00bb#ffffff\u00bb border_width=\u00bb1px\u00bb border_style=\u00bbsolid\u00bb disabled=\u00bboff\u00bb]<\/p>\n<p>Es el mejoramiento y la preservaci\u00f3n de las condiciones sanitarias \u00f3ptimas de fuentes y sistemas de abastecimiento de agua para uso y consumo humano.<\/p>\n<p>[\/et_pb_accordion_item][et_pb_accordion_item title=\u00bb11. Servicio p\u00fablico domiciliario:\u00bb open=\u00bboff\u00bb use_border_color=\u00bboff\u00bb border_color=\u00bb#ffffff\u00bb border_width=\u00bb1px\u00bb border_style=\u00bbsolid\u00bb disabled=\u00bboff\u00bb]<\/p>\n<p>Es el que se recibe en los hogares y satisface las necesidades b\u00e1sicas de bienestar y salubridad de la poblaci\u00f3n.<\/p>\n<p>[\/et_pb_accordion_item][et_pb_accordion_item title=\u00bb12. Servidumbre:\u00bb open=\u00bboff\u00bb use_border_color=\u00bboff\u00bb border_color=\u00bb#ffffff\u00bb border_width=\u00bb1px\u00bb border_style=\u00bbsolid\u00bb disabled=\u00bboff\u00bb]<\/p>\n<p>Es el\u00a0<a href=\"http:\/\/www.enciclopedia-juridica.biz14.com\/d\/derecho-real\/derecho-real.htm\">derecho real<\/a>, perpetuo o temporario sobre un\u00a0<a href=\"http:\/\/www.enciclopedia-juridica.biz14.com\/d\/inmueble\/inmueble.htm\">inmueble<\/a>\u00a0ajeno, en virtud del cual se puede usar de \u00e9l o ejercer ciertos\u00a0<a href=\"http:\/\/www.enciclopedia-juridica.biz14.com\/d\/derechos\/derechos.htm\">derechos<\/a>\u00a0de\u00a0<a href=\"http:\/\/www.enciclopedia-juridica.biz14.com\/d\/disposici%C3%B3n\/disposici%C3%B3n.htm\">disposici\u00f3n<\/a>, o bien impedir que el\u00a0<a href=\"http:\/\/www.enciclopedia-juridica.biz14.com\/d\/propietario\/propietario.htm\">propietario<\/a>\u00a0ejerza alguno de sus\u00a0<a href=\"http:\/\/www.enciclopedia-juridica.biz14.com\/d\/derechos\/derechos.htm\">derechos<\/a>\u00a0de\u00a0<a href=\"http:\/\/www.enciclopedia-juridica.biz14.com\/d\/propiedad\/propiedad.htm\">propiedad<\/a>.<\/p>\n<p>[\/et_pb_accordion_item][\/et_pb_accordion][\/et_pb_column][et_pb_column type=\u00bb1_3&#8243; disabled=\u00bboff\u00bb parallax=\u00bboff\u00bb parallax_method=\u00bbon\u00bb][et_pb_image src=\u00bbhttp:\/\/aguasdelcesar.gov.co\/wp-content\/uploads\/2017\/02\/transparencia.png\u00bb show_in_lightbox=\u00bboff\u00bb url=\u00bbhttp:\/\/aguasdelcesar.gov.co\/transparencia-y-acceso-a-la-informacion-publica\/\u00bb url_new_window=\u00bbon\u00bb use_overlay=\u00bbon\u00bb overlay_icon_color=\u00bb#0c71c3&#8243; hover_icon=\u00bb%%136%%\u00bb sticky=\u00bboff\u00bb align=\u00bbleft\u00bb force_fullwidth=\u00bboff\u00bb always_center_on_mobile=\u00bbon\u00bb admin_label=\u00bbTransparencia\u00bb use_border_color=\u00bboff\u00bb border_color=\u00bb#ffffff\u00bb border_width=\u00bb1px\u00bb border_style=\u00bbsolid\u00bb disabled=\u00bboff\u00bb]<br \/>\n[\/et_pb_image][et_pb_code admin_label=\u00bbTwitter\u00bb disabled=\u00bboff\u00bb]&lt;a class=\u00bbtwitter-timeline\u00bb data-width=\u00bb600&#8243; data-height=\u00bb800&#8243; data-dnt=\u00bbtrue\u00bb href=\u00bbhttps:\/\/twitter.com\/PrensaAguasdelC\u00bb&gt;Tweets by PrensaAguasdelC&lt;\/a&gt; &lt;script async src=\u00bb\/\/platform.twitter.com\/widgets.js\u00bb charset=\u00bbutf-8&#8243;&gt;&lt;\/script&gt;[\/et_pb_code][\/et_pb_column][\/et_pb_row][\/et_pb_section]<\/p>\n","protected":false},"excerpt":{"rendered":"<p>[et_pb_section transparent_background=\u00bboff\u00bb allow_player_pause=\u00bboff\u00bb inner_shadow=\u00bboff\u00bb parallax=\u00bboff\u00bb parallax_method=\u00bbon\u00bb make_fullwidth=\u00bboff\u00bb use_custom_width=\u00bboff\u00bb width_unit=\u00bboff\u00bb custom_width_px=\u00bb1080px\u00bb custom_width_percent=\u00bb80%\u00bb make_equal=\u00bboff\u00bb use_custom_gutter=\u00bboff\u00bb fullwidth=\u00bbon\u00bb specialty=\u00bboff\u00bb admin_label=\u00bbSecci\u00f3n\u00bb disabled=\u00bboff\u00bb][et_pb_fullwidth_header title=\u00bbGlosario\u00bb background_layout=\u00bbdark\u00bb text_orientation=\u00bbleft\u00bb header_fullscreen=\u00bboff\u00bb header_scroll_down=\u00bboff\u00bb scroll_down_icon=\u00bb;\u00bb background_url=\u00bbhttp:\/\/aguasdelcesar.gov.co\/wp-content\/uploads\/2017\/02\/fondo-titulos-azul.png\u00bb background_color=\u00bb#0842a5&#8243; parallax=\u00bboff\u00bb parallax_method=\u00bbon\u00bb content_orientation=\u00bbcenter\u00bb image_orientation=\u00bbcenter\u00bb admin_label=\u00bbGlosario\u00bb title_font_size=\u00bb30px\u00bb content_font_size=\u00bb14px\u00bb custom_button_one=\u00bboff\u00bb button_one_text_size=\u00bb20&#8243; button_one_letter_spacing=\u00bb0&#8243; button_one_use_icon=\u00bbdefault\u00bb button_one_icon_placement=\u00bbright\u00bb button_one_on_hover=\u00bbon\u00bb button_one_letter_spacing_hover=\u00bb0&#8243; custom_button_two=\u00bboff\u00bb button_two_text_size=\u00bb20&#8243; button_two_letter_spacing=\u00bb0&#8243; button_two_use_icon=\u00bbdefault\u00bb button_two_icon_placement=\u00bbright\u00bb button_two_on_hover=\u00bbon\u00bb button_two_letter_spacing_hover=\u00bb0&#8243; disabled=\u00bboff\u00bb] [\/et_pb_fullwidth_header][\/et_pb_section][et_pb_section transparent_background=\u00bboff\u00bb allow_player_pause=\u00bboff\u00bb inner_shadow=\u00bboff\u00bb parallax=\u00bboff\u00bb parallax_method=\u00bbon\u00bb make_fullwidth=\u00bboff\u00bb use_custom_width=\u00bboff\u00bb [&hellip;]<\/p>\n","protected":false},"author":1,"featured_media":0,"parent":85,"menu_order":0,"comment_status":"closed","ping_status":"closed","template":"","meta":{"_et_pb_use_builder":"on","_et_pb_old_content":"","_et_gb_content_width":""},"_links":{"self":[{"href":"https:\/\/aguasdelcesar.gov.co\/antiguo\/wp-json\/wp\/v2\/pages\/93"}],"collection":[{"href":"https:\/\/aguasdelcesar.gov.co\/antiguo\/wp-json\/wp\/v2\/pages"}],"about":[{"href":"https:\/\/aguasdelcesar.gov.co\/antiguo\/wp-json\/wp\/v2\/types\/page"}],"author":[{"embeddable":true,"href":"https:\/\/aguasdelcesar.gov.co\/antiguo\/wp-json\/wp\/v2\/users\/1"}],"replies":[{"embeddable":true,"href":"https:\/\/aguasdelcesar.gov.co\/antiguo\/wp-json\/wp\/v2\/comments?post=93"}],"version-history":[{"count":10,"href":"https:\/\/aguasdelcesar.gov.co\/antiguo\/wp-json\/wp\/v2\/pages\/93\/revisions"}],"predecessor-version":[{"id":2120,"href":"https:\/\/aguasdelcesar.gov.co\/antiguo\/wp-json\/wp\/v2\/pages\/93\/revisions\/2120"}],"up":[{"embeddable":true,"href":"https:\/\/aguasdelcesar.gov.co\/antiguo\/wp-json\/wp\/v2\/pages\/85"}],"wp:attachment":[{"href":"https:\/\/aguasdelcesar.gov.co\/antiguo\/wp-json\/wp\/v2\/media?parent=93"}],"curies":[{"name":"wp","href":"https:\/\/api.w.org\/{rel}","templated":true}]}}